{"id":1447,"date":"2019-02-19T07:50:13","date_gmt":"2019-02-19T06:50:13","guid":{"rendered":"https:\/\/systemische-therapie-berlin.net\/?page_id=1447"},"modified":"2021-08-20T09:23:20","modified_gmt":"2021-08-20T07:23:20","slug":"selbsttest","status":"publish","type":"page","link":"https:\/\/systemische-therapie-berlin.net\/en\/selbsttest\/","title":{"rendered":"Test yourself: Do I need help"},"content":{"rendered":"<h4 style=\"text-align: center;\">Test yourself:<\/h4>\n<figure id=\"attachment_1056\" aria-describedby=\"caption-attachment-1056\" style=\"width: 2452px\" class=\"wp-caption aligncenter\"><img loading=\"lazy\" decoding=\"async\" class=\"wp-image-1056 size-full\" src=\"https:\/\/systemische-therapie-berlin.net\/wordpress\/wp-content\/uploads\/2019\/02\/2F3E505D-6BCE-4AFE-8C8C-EAB52F109439.jpeg\" alt=\"Test\" width=\"2452\" height=\"1348\" srcset=\"https:\/\/systemische-therapie-berlin.net\/wordpress\/wp-content\/uploads\/2019\/02\/2F3E505D-6BCE-4AFE-8C8C-EAB52F109439.jpeg 2452w, https:\/\/systemische-therapie-berlin.net\/wordpress\/wp-content\/uploads\/2019\/02\/2F3E505D-6BCE-4AFE-8C8C-EAB52F109439-300x165.jpeg 300w, https:\/\/systemische-therapie-berlin.net\/wordpress\/wp-content\/uploads\/2019\/02\/2F3E505D-6BCE-4AFE-8C8C-EAB52F109439-768x422.jpeg 768w, https:\/\/systemische-therapie-berlin.net\/wordpress\/wp-content\/uploads\/2019\/02\/2F3E505D-6BCE-4AFE-8C8C-EAB52F109439-1024x563.jpeg 1024w\" sizes=\"auto, (max-width: 2452px) 100vw, 2452px\" \/><figcaption id=\"caption-attachment-1056\" class=\"wp-caption-text\">Source: Pixabay<\/figcaption><\/figure>\n<p>Test yourself if you are not sure if you might need <a href=\"https:\/\/systemische-therapie-berlin.net\/kontakt\/\">help<\/a>.<\/p>\n<p>1.\u00a0\u00a0\u00a0\u00a0\u00a0\u00a0 Are my efforts to change my thinking or attitudes working?<\/p>\n<p>2.\u00a0\u00a0\u00a0\u00a0\u00a0\u00a0 Do I continue to struggle with something that impacts my daily functioning?<\/p>\n<p>3.\u00a0\u00a0\u00a0\u00a0\u00a0\u00a0 Am I able to step back and examine my own thoughts, or would it help to have another person\u2019s perspective?<\/p>\n<p>4.\u00a0\u00a0\u00a0\u00a0\u00a0\u00a0 Do I give up too easily rather than persevere in changing my thoughts and behaviors?<\/p>\n<p>5.\u00a0\u00a0\u00a0\u00a0\u00a0\u00a0 Are other people telling me I would benefit from \u201ctalking to somebody\u201d?<\/p>\n<p>6.\u00a0\u00a0\u00a0\u00a0\u00a0\u00a0 Are worries making it difficult to sleep or function effectively during the day?<\/p>\n<p>7.\u00a0\u00a0\u00a0\u00a0\u00a0\u00a0 Am I avoiding situations out of fear or anxiety?<\/p>\n<p>8.\u00a0\u00a0\u00a0\u00a0\u00a0\u00a0 Is my behavior affecting my relationships in negative ways?<\/p>\n<p>9.\u00a0\u00a0\u00a0\u00a0\u00a0\u00a0 Do I find it difficult to make changes on my own or to stick with them?<\/p>\n<p>10.\u00a0 \u00a0 \u00a0Might I work better with a professional than doing it alone?<\/p>\n<p>(adapted from a checklist by Jeffrey S. Nevid)<\/p>\n","protected":false},"excerpt":{"rendered":"<p> Test yourself: Test yourself if you are not sure if you might need help. 1.\u00a0\u00a0\u00a0\u00a0\u00a0\u00a0 Are my efforts to change my thinking or attitudes working? 2.\u00a0\u00a0\u00a0\u00a0\u00a0\u00a0 Do I continue to struggle with something that impacts my daily functioning? 3.\u00a0\u00a0\u00a0\u00a0\u00a0\u00a0 Am I able to step back and examine my own thoughts, or would it help to &#8230; <a class=\"read-more more-link\" href=\"https:\/\/systemische-therapie-berlin.net\/en\/selbsttest\/\">Read more &raquo;<\/a><\/p>","protected":false},"author":2,"featured_media":0,"parent":0,"menu_order":0,"comment_status":"closed","ping_status":"closed","template":"","meta":{"footnotes":""},"class_list":["post-1447","page","type-page","status-publish","hentry"],"translation":{"provider":"WPGlobus","version":"3.0.2","language":"en","enabled_languages":["de","en"],"languages":{"de":{"title":true,"content":true,"excerpt":false},"en":{"title":true,"content":true,"excerpt":false}}},"yoast_head":"<!-- This site is optimized with the Yoast SEO plugin v27.5 - https:\/\/yoast.com\/product\/yoast-seo-wordpress\/ -->\n<title>Test | Systemische Beratung und Therapie Dr. Katrin Schuy<\/title>\n<meta name=\"robots\" content=\"index, follow, max-snippet:-1, max-image-preview:large, max-video-preview:-1\" \/>\n<link rel=\"canonical\" href=\"https:\/\/systemische-therapie-berlin.net\/selbsttest\/\" \/>\n<meta property=\"og:locale\" content=\"en_US\" \/>\n<meta property=\"og:type\" content=\"article\" \/>\n<meta property=\"og:title\" content=\"Test yourself: Do I need help | Dr. Katrin Schuy\" \/>\n<meta property=\"og:url\" content=\"https:\/\/systemische-therapie-berlin.net\/selbsttest\/\" \/>\n<meta property=\"og:site_name\" content=\"Dr. Katrin Schuy\" \/>\n<meta property=\"article:modified_time\" content=\"2021-08-20T07:23:20+00:00\" \/>\n<meta property=\"og:image\" content=\"https:\/\/systemische-therapie-berlin.net\/wordpress\/wp-content\/uploads\/2019\/02\/2F3E505D-6BCE-4AFE-8C8C-EAB52F109439.jpeg\" \/>\n<meta name=\"twitter:card\" content=\"summary_large_image\" \/>\n<meta name=\"twitter:label1\" content=\"Est. reading time\" \/>\n\t<meta name=\"twitter:data1\" content=\"2 minutes\" \/>\n<script type=\"application\/ld+json\" class=\"yoast-schema-graph\">{\"@context\":\"https:\\\/\\\/schema.org\",\"@graph\":[{\"@type\":\"WebPage\",\"@id\":\"https:\\\/\\\/systemische-therapie-berlin.net\\\/selbsttest\\\/\",\"url\":\"https:\\\/\\\/systemische-therapie-berlin.net\\\/selbsttest\\\/\",\"name\":\"Test | Systemische Beratung und Therapie Dr. Katrin Schuy\",\"isPartOf\":{\"@id\":\"https:\\\/\\\/systemische-therapie-berlin.net\\\/#website\"},\"primaryImageOfPage\":{\"@id\":\"https:\\\/\\\/systemische-therapie-berlin.net\\\/selbsttest\\\/#primaryimage\"},\"image\":{\"@id\":\"https:\\\/\\\/systemische-therapie-berlin.net\\\/selbsttest\\\/#primaryimage\"},\"thumbnailUrl\":\"https:\\\/\\\/systemische-therapie-berlin.net\\\/wordpress\\\/wp-content\\\/uploads\\\/2019\\\/02\\\/2F3E505D-6BCE-4AFE-8C8C-EAB52F109439.jpeg\",\"datePublished\":\"2019-02-19T06:50:13+00:00\",\"dateModified\":\"2021-08-20T07:23:20+00:00\",\"description\":\"Nicht sicher, ob Sie Hilfe ben\u00f6tigen? Hier k\u00f6nnen Sie mit einem einfachen Test unverbindlich herausfindenn, ob professionelle eine gute Idee w\u00e4re.\",\"breadcrumb\":{\"@id\":\"https:\\\/\\\/systemische-therapie-berlin.net\\\/selbsttest\\\/#breadcrumb\"},\"inLanguage\":\"en-US\",\"potentialAction\":[{\"@type\":\"ReadAction\",\"target\":[\"https:\\\/\\\/systemische-therapie-berlin.net\\\/selbsttest\\\/\"]}]},{\"@type\":\"ImageObject\",\"inLanguage\":\"en-US\",\"@id\":\"https:\\\/\\\/systemische-therapie-berlin.net\\\/selbsttest\\\/#primaryimage\",\"url\":\"https:\\\/\\\/systemische-therapie-berlin.net\\\/wordpress\\\/wp-content\\\/uploads\\\/2019\\\/02\\\/2F3E505D-6BCE-4AFE-8C8C-EAB52F109439.jpeg\",\"contentUrl\":\"https:\\\/\\\/systemische-therapie-berlin.net\\\/wordpress\\\/wp-content\\\/uploads\\\/2019\\\/02\\\/2F3E505D-6BCE-4AFE-8C8C-EAB52F109439.jpeg\"},{\"@type\":\"BreadcrumbList\",\"@id\":\"https:\\\/\\\/systemische-therapie-berlin.net\\\/selbsttest\\\/#breadcrumb\",\"itemListElement\":[{\"@type\":\"ListItem\",\"position\":1,\"name\":\"Startseite\",\"item\":\"https:\\\/\\\/systemische-therapie-berlin.net\\\/\"},{\"@type\":\"ListItem\",\"position\":2,\"name\":\"Selbsttest: Brauche ich Hilfe\"}]},{\"@type\":\"WebSite\",\"@id\":\"https:\\\/\\\/systemische-therapie-berlin.net\\\/#website\",\"url\":\"https:\\\/\\\/systemische-therapie-berlin.net\\\/\",\"name\":\"Systemische Therapie Katrin Schuy\",\"description\":\"Systemic Individual and Couples Therapy in Berlin\",\"publisher\":{\"@id\":\"https:\\\/\\\/systemische-therapie-berlin.net\\\/#organization\"},\"potentialAction\":[{\"@type\":\"SearchAction\",\"target\":{\"@type\":\"EntryPoint\",\"urlTemplate\":\"https:\\\/\\\/systemische-therapie-berlin.net\\\/?s={search_term_string}\"},\"query-input\":{\"@type\":\"PropertyValueSpecification\",\"valueRequired\":true,\"valueName\":\"search_term_string\"}}],\"inLanguage\":\"en-US\"},{\"@type\":\"Organization\",\"@id\":\"https:\\\/\\\/systemische-therapie-berlin.net\\\/#organization\",\"name\":\"Systemische Einzel- und Paartherapie Berlin\",\"url\":\"https:\\\/\\\/systemische-therapie-berlin.net\\\/\",\"logo\":{\"@type\":\"ImageObject\",\"inLanguage\":\"en-US\",\"@id\":\"https:\\\/\\\/systemische-therapie-berlin.net\\\/#\\\/schema\\\/logo\\\/image\\\/\",\"url\":\"https:\\\/\\\/systemische-therapie-berlin.net\\\/wordpress\\\/wp-content\\\/uploads\\\/2019\\\/02\\\/IMG_2043-e1550413796897.jpeg\",\"contentUrl\":\"https:\\\/\\\/systemische-therapie-berlin.net\\\/wordpress\\\/wp-content\\\/uploads\\\/2019\\\/02\\\/IMG_2043-e1550413796897.jpeg\",\"width\":200,\"height\":200,\"caption\":\"Systemische Einzel- und Paartherapie Berlin\"},\"image\":{\"@id\":\"https:\\\/\\\/systemische-therapie-berlin.net\\\/#\\\/schema\\\/logo\\\/image\\\/\"}}]}<\/script>\n<!-- \/ Yoast SEO plugin. -->","yoast_head_json":{"title":"Test | Systemische Beratung und Therapie Dr. Katrin Schuy","robots":{"index":"index","follow":"follow","max-snippet":"max-snippet:-1","max-image-preview":"max-image-preview:large","max-video-preview":"max-video-preview:-1"},"canonical":"https:\/\/systemische-therapie-berlin.net\/selbsttest\/","og_locale":"en_US","og_type":"article","og_title":"Test yourself: Do I need help | Dr. Katrin Schuy","og_url":"https:\/\/systemische-therapie-berlin.net\/selbsttest\/","og_site_name":"Dr. Katrin Schuy","article_modified_time":"2021-08-20T07:23:20+00:00","og_image":[{"url":"https:\/\/systemische-therapie-berlin.net\/wordpress\/wp-content\/uploads\/2019\/02\/2F3E505D-6BCE-4AFE-8C8C-EAB52F109439.jpeg","type":"","width":"","height":""}],"twitter_card":"summary_large_image","twitter_misc":{"Est. reading time":"2 minutes"},"schema":{"@context":"https:\/\/schema.org","@graph":[{"@type":"WebPage","@id":"https:\/\/systemische-therapie-berlin.net\/selbsttest\/","url":"https:\/\/systemische-therapie-berlin.net\/selbsttest\/","name":"Test | Systemische Beratung und Therapie Dr. Katrin Schuy","isPartOf":{"@id":"https:\/\/systemische-therapie-berlin.net\/#website"},"primaryImageOfPage":{"@id":"https:\/\/systemische-therapie-berlin.net\/selbsttest\/#primaryimage"},"image":{"@id":"https:\/\/systemische-therapie-berlin.net\/selbsttest\/#primaryimage"},"thumbnailUrl":"https:\/\/systemische-therapie-berlin.net\/wordpress\/wp-content\/uploads\/2019\/02\/2F3E505D-6BCE-4AFE-8C8C-EAB52F109439.jpeg","datePublished":"2019-02-19T06:50:13+00:00","dateModified":"2021-08-20T07:23:20+00:00","description":"Nicht sicher, ob Sie Hilfe ben\u00f6tigen? Hier k\u00f6nnen Sie mit einem einfachen Test unverbindlich herausfindenn, ob professionelle eine gute Idee w\u00e4re.","breadcrumb":{"@id":"https:\/\/systemische-therapie-berlin.net\/selbsttest\/#breadcrumb"},"inLanguage":"en-US","potentialAction":[{"@type":"ReadAction","target":["https:\/\/systemische-therapie-berlin.net\/selbsttest\/"]}]},{"@type":"ImageObject","inLanguage":"en-US","@id":"https:\/\/systemische-therapie-berlin.net\/selbsttest\/#primaryimage","url":"https:\/\/systemische-therapie-berlin.net\/wordpress\/wp-content\/uploads\/2019\/02\/2F3E505D-6BCE-4AFE-8C8C-EAB52F109439.jpeg","contentUrl":"https:\/\/systemische-therapie-berlin.net\/wordpress\/wp-content\/uploads\/2019\/02\/2F3E505D-6BCE-4AFE-8C8C-EAB52F109439.jpeg"},{"@type":"BreadcrumbList","@id":"https:\/\/systemische-therapie-berlin.net\/selbsttest\/#breadcrumb","itemListElement":[{"@type":"ListItem","position":1,"name":"Startseite","item":"https:\/\/systemische-therapie-berlin.net\/"},{"@type":"ListItem","position":2,"name":"Selbsttest: Brauche ich Hilfe"}]},{"@type":"WebSite","@id":"https:\/\/systemische-therapie-berlin.net\/#website","url":"https:\/\/systemische-therapie-berlin.net\/","name":"Systemische Therapie Katrin Schuy","description":"Systemic Individual and Couples Therapy in Berlin","publisher":{"@id":"https:\/\/systemische-therapie-berlin.net\/#organization"},"potentialAction":[{"@type":"SearchAction","target":{"@type":"EntryPoint","urlTemplate":"https:\/\/systemische-therapie-berlin.net\/?s={search_term_string}"},"query-input":{"@type":"PropertyValueSpecification","valueRequired":true,"valueName":"search_term_string"}}],"inLanguage":"en-US"},{"@type":"Organization","@id":"https:\/\/systemische-therapie-berlin.net\/#organization","name":"Systemische Einzel- und Paartherapie Berlin","url":"https:\/\/systemische-therapie-berlin.net\/","logo":{"@type":"ImageObject","inLanguage":"en-US","@id":"https:\/\/systemische-therapie-berlin.net\/#\/schema\/logo\/image\/","url":"https:\/\/systemische-therapie-berlin.net\/wordpress\/wp-content\/uploads\/2019\/02\/IMG_2043-e1550413796897.jpeg","contentUrl":"https:\/\/systemische-therapie-berlin.net\/wordpress\/wp-content\/uploads\/2019\/02\/IMG_2043-e1550413796897.jpeg","width":200,"height":200,"caption":"Systemische Einzel- und Paartherapie Berlin"},"image":{"@id":"https:\/\/systemische-therapie-berlin.net\/#\/schema\/logo\/image\/"}}]}},"_links":{"self":[{"href":"https:\/\/systemische-therapie-berlin.net\/en\/wp-json\/wp\/v2\/pages\/1447","targetHints":{"allow":["GET"]}}],"collection":[{"href":"https:\/\/systemische-therapie-berlin.net\/en\/wp-json\/wp\/v2\/pages"}],"about":[{"href":"https:\/\/systemische-therapie-berlin.net\/en\/wp-json\/wp\/v2\/types\/page"}],"author":[{"embeddable":true,"href":"https:\/\/systemische-therapie-berlin.net\/en\/wp-json\/wp\/v2\/users\/2"}],"replies":[{"embeddable":true,"href":"https:\/\/systemische-therapie-berlin.net\/en\/wp-json\/wp\/v2\/comments?post=1447"}],"version-history":[{"count":42,"href":"https:\/\/systemische-therapie-berlin.net\/en\/wp-json\/wp\/v2\/pages\/1447\/revisions"}],"predecessor-version":[{"id":2014,"href":"https:\/\/systemische-therapie-berlin.net\/en\/wp-json\/wp\/v2\/pages\/1447\/revisions\/2014"}],"wp:attachment":[{"href":"https:\/\/systemische-therapie-berlin.net\/en\/wp-json\/wp\/v2\/media?parent=1447"}],"curies":[{"name":"wp","href":"https:\/\/api.w.org\/{rel}","templated":true}]}}