{"id":396,"date":"2018-12-09T18:57:56","date_gmt":"2018-12-09T17:57:56","guid":{"rendered":"https:\/\/psychotherapie-in-berlin.info\/?page_id=396"},"modified":"2021-08-20T09:10:56","modified_gmt":"2021-08-20T07:10:56","slug":"impressum","status":"publish","type":"page","link":"https:\/\/systemische-therapie-berlin.net\/en\/impressum\/","title":{"rendered":"Impressum"},"content":{"rendered":"<p><img loading=\"lazy\" decoding=\"async\" class=\"aligncenter size-full wp-image-1142\" src=\"https:\/\/systemische-therapie-berlin.net\/wordpress\/wp-content\/uploads\/2019\/02\/C958628C-BA76-4A26-9422-D774B2C80F08.jpeg\" alt=\"\" width=\"1156\" height=\"480\" srcset=\"https:\/\/systemische-therapie-berlin.net\/wordpress\/wp-content\/uploads\/2019\/02\/C958628C-BA76-4A26-9422-D774B2C80F08.jpeg 1156w, https:\/\/systemische-therapie-berlin.net\/wordpress\/wp-content\/uploads\/2019\/02\/C958628C-BA76-4A26-9422-D774B2C80F08-300x125.jpeg 300w, https:\/\/systemische-therapie-berlin.net\/wordpress\/wp-content\/uploads\/2019\/02\/C958628C-BA76-4A26-9422-D774B2C80F08-768x319.jpeg 768w, https:\/\/systemische-therapie-berlin.net\/wordpress\/wp-content\/uploads\/2019\/02\/C958628C-BA76-4A26-9422-D774B2C80F08-1024x425.jpeg 1024w\" sizes=\"auto, (max-width: 1156px) 100vw, 1156px\" \/><\/p>\n<p>Dr. Katrin Schuy<\/p>\n<p>Systemic Individual and Couples Therapy Berlin<\/p>\n<p>Address: Frieda-Rosenthal-Str. 21, 10318 Berlin (Karlshorst)<\/p>\n<p>Tel. 0176-34505554<\/p>\n<p>E-Mail: psychologin.schuy@posteo.de<\/p>\n<p>&nbsp;<\/p>\n<p>Psychologist (Bsc., Msc.)<\/p>\n<p>Systemic Therapist (DGSF)<\/p>\n<p>Hypnotherapist, clinical hypnotherapy (Thermedius)<\/p>\n<p>Heilerlaubnis nach Heilpraktikergesetz, Heilpraktiker f\u00fcr Psychotherapie, Gesundheitsamt Berlin Lichtenberg, Bezirksamt Lichtenberg von Berlin Abt. Familie, Jugend, Gesundheit und B\u00fcrgerdienste Gesundheitsamt 10360<\/p>\n<p>Berufsrechtliche Regelungen: Gesetz \u00fcber die berufsm\u00e4\u00dfige Aus\u00fcbung der Heilkunde ohne \u00e4rztliche Bestallung (Heilpraktikergesetz) und Durchf\u00fchrungsverordnung:\u00a0http:\/\/www.gesetze-im-internet.de\/heilprg\/index.html&#8221; target=&#8221;_blank&#8221;&gt;http:\/\/www.gesetze-im-internet.de\/heilprg\/index.html<br \/>\nBerufsverbandsmitgliedschaft: Deutsche Gesellschaft f\u00fcr Systemische Therapie<br \/>\nBerufsordnung: http:\/\/www.heilpraktiker.org\/die-berufsordnung-fuer-heilpraktiker<br \/>\nDie Heilkundliche T\u00e4tigkeit ist von der Umsatzsteuer nach gem\u00e4\u00df \u00a7 4 Nr.14 UStG befreit<br \/>\nGeltungsbereich: Bundesrepublik Deutschland<\/p>\n<p>&nbsp;<\/p>\n<p>&nbsp;<\/p>\n","protected":false},"excerpt":{"rendered":"<p> Dr. Katrin Schuy Systemic Individual and Couples Therapy Berlin Address: Frieda-Rosenthal-Str. 21, 10318 Berlin (Karlshorst) Tel. 0176-34505554 E-Mail: psychologin.schuy@posteo.de &nbsp; Psychologist (Bsc., Msc.) Systemic Therapist (DGSF) Hypnotherapist, clinical hypnotherapy (Thermedius) Heilerlaubnis nach Heilpraktikergesetz, Heilpraktiker f\u00fcr Psychotherapie, Gesundheitsamt Berlin Lichtenberg, Bezirksamt Lichtenberg von Berlin Abt. Familie, Jugend, Gesundheit und B\u00fcrgerdienste Gesundheitsamt 10360 Berufsrechtliche Regelungen: Gesetz \u00fcber &#8230; <a class=\"read-more more-link\" href=\"https:\/\/systemische-therapie-berlin.net\/en\/impressum\/\">Read more &raquo;<\/a><\/p>","protected":false},"author":2,"featured_media":0,"parent":0,"menu_order":0,"comment_status":"closed","ping_status":"closed","template":"","meta":{"footnotes":""},"class_list":["post-396","page","type-page","status-publish","hentry"],"translation":{"provider":"WPGlobus","version":"3.0.2","language":"en","enabled_languages":["de","en"],"languages":{"de":{"title":true,"content":true,"excerpt":false},"en":{"title":true,"content":true,"excerpt":false}}},"yoast_head":"<!-- This site is optimized with the Yoast SEO plugin v27.4 - https:\/\/yoast.com\/product\/yoast-seo-wordpress\/ -->\n<title>Impressum | Dr. Katrin Schuy<\/title>\n<meta name=\"robots\" content=\"index, follow, max-snippet:-1, max-image-preview:large, max-video-preview:-1\" \/>\n<link rel=\"canonical\" href=\"https:\/\/systemische-therapie-berlin.net\/impressum\/\" \/>\n<meta property=\"og:locale\" content=\"en_US\" \/>\n<meta property=\"og:type\" content=\"article\" \/>\n<meta property=\"og:title\" content=\"Impressum | Dr. Katrin Schuy\" \/>\n<meta property=\"og:url\" content=\"https:\/\/systemische-therapie-berlin.net\/impressum\/\" \/>\n<meta property=\"og:site_name\" content=\"Dr. Katrin Schuy\" \/>\n<meta property=\"article:modified_time\" content=\"2021-08-20T07:10:56+00:00\" \/>\n<meta property=\"og:image\" content=\"https:\/\/systemische-therapie-berlin.net\/wordpress\/wp-content\/uploads\/2019\/02\/C958628C-BA76-4A26-9422-D774B2C80F08.jpeg\" \/>\n<meta name=\"twitter:card\" content=\"summary_large_image\" \/>\n<meta name=\"twitter:label1\" content=\"Est. reading time\" \/>\n\t<meta name=\"twitter:data1\" content=\"1 minute\" \/>\n<script type=\"application\/ld+json\" class=\"yoast-schema-graph\">{\"@context\":\"https:\\\/\\\/schema.org\",\"@graph\":[{\"@type\":\"WebPage\",\"@id\":\"https:\\\/\\\/systemische-therapie-berlin.net\\\/impressum\\\/\",\"url\":\"https:\\\/\\\/systemische-therapie-berlin.net\\\/impressum\\\/\",\"name\":\"Impressum | Dr. Katrin Schuy\",\"isPartOf\":{\"@id\":\"https:\\\/\\\/systemische-therapie-berlin.net\\\/#website\"},\"primaryImageOfPage\":{\"@id\":\"https:\\\/\\\/systemische-therapie-berlin.net\\\/impressum\\\/#primaryimage\"},\"image\":{\"@id\":\"https:\\\/\\\/systemische-therapie-berlin.net\\\/impressum\\\/#primaryimage\"},\"thumbnailUrl\":\"https:\\\/\\\/systemische-therapie-berlin.net\\\/wordpress\\\/wp-content\\\/uploads\\\/2019\\\/02\\\/C958628C-BA76-4A26-9422-D774B2C80F08.jpeg\",\"datePublished\":\"2018-12-09T17:57:56+00:00\",\"dateModified\":\"2021-08-20T07:10:56+00:00\",\"breadcrumb\":{\"@id\":\"https:\\\/\\\/systemische-therapie-berlin.net\\\/impressum\\\/#breadcrumb\"},\"inLanguage\":\"en-US\",\"potentialAction\":[{\"@type\":\"ReadAction\",\"target\":[\"https:\\\/\\\/systemische-therapie-berlin.net\\\/impressum\\\/\"]}]},{\"@type\":\"ImageObject\",\"inLanguage\":\"en-US\",\"@id\":\"https:\\\/\\\/systemische-therapie-berlin.net\\\/impressum\\\/#primaryimage\",\"url\":\"https:\\\/\\\/systemische-therapie-berlin.net\\\/wordpress\\\/wp-content\\\/uploads\\\/2019\\\/02\\\/C958628C-BA76-4A26-9422-D774B2C80F08.jpeg\",\"contentUrl\":\"https:\\\/\\\/systemische-therapie-berlin.net\\\/wordpress\\\/wp-content\\\/uploads\\\/2019\\\/02\\\/C958628C-BA76-4A26-9422-D774B2C80F08.jpeg\"},{\"@type\":\"BreadcrumbList\",\"@id\":\"https:\\\/\\\/systemische-therapie-berlin.net\\\/impressum\\\/#breadcrumb\",\"itemListElement\":[{\"@type\":\"ListItem\",\"position\":1,\"name\":\"Startseite\",\"item\":\"https:\\\/\\\/systemische-therapie-berlin.net\\\/\"},{\"@type\":\"ListItem\",\"position\":2,\"name\":\"Impressum\"}]},{\"@type\":\"WebSite\",\"@id\":\"https:\\\/\\\/systemische-therapie-berlin.net\\\/#website\",\"url\":\"https:\\\/\\\/systemische-therapie-berlin.net\\\/\",\"name\":\"Systemische Therapie Katrin Schuy\",\"description\":\"Systemic Individual and Couples Therapy in Berlin\",\"publisher\":{\"@id\":\"https:\\\/\\\/systemische-therapie-berlin.net\\\/#organization\"},\"potentialAction\":[{\"@type\":\"SearchAction\",\"target\":{\"@type\":\"EntryPoint\",\"urlTemplate\":\"https:\\\/\\\/systemische-therapie-berlin.net\\\/?s={search_term_string}\"},\"query-input\":{\"@type\":\"PropertyValueSpecification\",\"valueRequired\":true,\"valueName\":\"search_term_string\"}}],\"inLanguage\":\"en-US\"},{\"@type\":\"Organization\",\"@id\":\"https:\\\/\\\/systemische-therapie-berlin.net\\\/#organization\",\"name\":\"Systemische Einzel- und Paartherapie Berlin\",\"url\":\"https:\\\/\\\/systemische-therapie-berlin.net\\\/\",\"logo\":{\"@type\":\"ImageObject\",\"inLanguage\":\"en-US\",\"@id\":\"https:\\\/\\\/systemische-therapie-berlin.net\\\/#\\\/schema\\\/logo\\\/image\\\/\",\"url\":\"https:\\\/\\\/systemische-therapie-berlin.net\\\/wordpress\\\/wp-content\\\/uploads\\\/2019\\\/02\\\/IMG_2043-e1550413796897.jpeg\",\"contentUrl\":\"https:\\\/\\\/systemische-therapie-berlin.net\\\/wordpress\\\/wp-content\\\/uploads\\\/2019\\\/02\\\/IMG_2043-e1550413796897.jpeg\",\"width\":200,\"height\":200,\"caption\":\"Systemische Einzel- und Paartherapie Berlin\"},\"image\":{\"@id\":\"https:\\\/\\\/systemische-therapie-berlin.net\\\/#\\\/schema\\\/logo\\\/image\\\/\"}}]}<\/script>\n<!-- \/ Yoast SEO plugin. -->","yoast_head_json":{"title":"Impressum | Dr. Katrin Schuy","robots":{"index":"index","follow":"follow","max-snippet":"max-snippet:-1","max-image-preview":"max-image-preview:large","max-video-preview":"max-video-preview:-1"},"canonical":"https:\/\/systemische-therapie-berlin.net\/impressum\/","og_locale":"en_US","og_type":"article","og_title":"Impressum | Dr. Katrin Schuy","og_url":"https:\/\/systemische-therapie-berlin.net\/impressum\/","og_site_name":"Dr. Katrin Schuy","article_modified_time":"2021-08-20T07:10:56+00:00","og_image":[{"url":"https:\/\/systemische-therapie-berlin.net\/wordpress\/wp-content\/uploads\/2019\/02\/C958628C-BA76-4A26-9422-D774B2C80F08.jpeg","type":"","width":"","height":""}],"twitter_card":"summary_large_image","twitter_misc":{"Est. reading time":"1 minute"},"schema":{"@context":"https:\/\/schema.org","@graph":[{"@type":"WebPage","@id":"https:\/\/systemische-therapie-berlin.net\/impressum\/","url":"https:\/\/systemische-therapie-berlin.net\/impressum\/","name":"Impressum | Dr. Katrin Schuy","isPartOf":{"@id":"https:\/\/systemische-therapie-berlin.net\/#website"},"primaryImageOfPage":{"@id":"https:\/\/systemische-therapie-berlin.net\/impressum\/#primaryimage"},"image":{"@id":"https:\/\/systemische-therapie-berlin.net\/impressum\/#primaryimage"},"thumbnailUrl":"https:\/\/systemische-therapie-berlin.net\/wordpress\/wp-content\/uploads\/2019\/02\/C958628C-BA76-4A26-9422-D774B2C80F08.jpeg","datePublished":"2018-12-09T17:57:56+00:00","dateModified":"2021-08-20T07:10:56+00:00","breadcrumb":{"@id":"https:\/\/systemische-therapie-berlin.net\/impressum\/#breadcrumb"},"inLanguage":"en-US","potentialAction":[{"@type":"ReadAction","target":["https:\/\/systemische-therapie-berlin.net\/impressum\/"]}]},{"@type":"ImageObject","inLanguage":"en-US","@id":"https:\/\/systemische-therapie-berlin.net\/impressum\/#primaryimage","url":"https:\/\/systemische-therapie-berlin.net\/wordpress\/wp-content\/uploads\/2019\/02\/C958628C-BA76-4A26-9422-D774B2C80F08.jpeg","contentUrl":"https:\/\/systemische-therapie-berlin.net\/wordpress\/wp-content\/uploads\/2019\/02\/C958628C-BA76-4A26-9422-D774B2C80F08.jpeg"},{"@type":"BreadcrumbList","@id":"https:\/\/systemische-therapie-berlin.net\/impressum\/#breadcrumb","itemListElement":[{"@type":"ListItem","position":1,"name":"Startseite","item":"https:\/\/systemische-therapie-berlin.net\/"},{"@type":"ListItem","position":2,"name":"Impressum"}]},{"@type":"WebSite","@id":"https:\/\/systemische-therapie-berlin.net\/#website","url":"https:\/\/systemische-therapie-berlin.net\/","name":"Systemische Therapie Katrin Schuy","description":"Systemic Individual and Couples Therapy in Berlin","publisher":{"@id":"https:\/\/systemische-therapie-berlin.net\/#organization"},"potentialAction":[{"@type":"SearchAction","target":{"@type":"EntryPoint","urlTemplate":"https:\/\/systemische-therapie-berlin.net\/?s={search_term_string}"},"query-input":{"@type":"PropertyValueSpecification","valueRequired":true,"valueName":"search_term_string"}}],"inLanguage":"en-US"},{"@type":"Organization","@id":"https:\/\/systemische-therapie-berlin.net\/#organization","name":"Systemische Einzel- und Paartherapie Berlin","url":"https:\/\/systemische-therapie-berlin.net\/","logo":{"@type":"ImageObject","inLanguage":"en-US","@id":"https:\/\/systemische-therapie-berlin.net\/#\/schema\/logo\/image\/","url":"https:\/\/systemische-therapie-berlin.net\/wordpress\/wp-content\/uploads\/2019\/02\/IMG_2043-e1550413796897.jpeg","contentUrl":"https:\/\/systemische-therapie-berlin.net\/wordpress\/wp-content\/uploads\/2019\/02\/IMG_2043-e1550413796897.jpeg","width":200,"height":200,"caption":"Systemische Einzel- und Paartherapie Berlin"},"image":{"@id":"https:\/\/systemische-therapie-berlin.net\/#\/schema\/logo\/image\/"}}]}},"_links":{"self":[{"href":"https:\/\/systemische-therapie-berlin.net\/en\/wp-json\/wp\/v2\/pages\/396","targetHints":{"allow":["GET"]}}],"collection":[{"href":"https:\/\/systemische-therapie-berlin.net\/en\/wp-json\/wp\/v2\/pages"}],"about":[{"href":"https:\/\/systemische-therapie-berlin.net\/en\/wp-json\/wp\/v2\/types\/page"}],"author":[{"embeddable":true,"href":"https:\/\/systemische-therapie-berlin.net\/en\/wp-json\/wp\/v2\/users\/2"}],"replies":[{"embeddable":true,"href":"https:\/\/systemische-therapie-berlin.net\/en\/wp-json\/wp\/v2\/comments?post=396"}],"version-history":[{"count":26,"href":"https:\/\/systemische-therapie-berlin.net\/en\/wp-json\/wp\/v2\/pages\/396\/revisions"}],"predecessor-version":[{"id":2006,"href":"https:\/\/systemische-therapie-berlin.net\/en\/wp-json\/wp\/v2\/pages\/396\/revisions\/2006"}],"wp:attachment":[{"href":"https:\/\/systemische-therapie-berlin.net\/en\/wp-json\/wp\/v2\/media?parent=396"}],"curies":[{"name":"wp","href":"https:\/\/api.w.org\/{rel}","templated":true}]}}